{"id":36,"date":"2019-11-28T16:48:52","date_gmt":"2019-11-28T15:48:52","guid":{"rendered":"http:\/\/www.galahad.de\/motion\/?page_id=36"},"modified":"2019-11-28T22:02:19","modified_gmt":"2019-11-28T21:02:19","slug":"story","status":"publish","type":"page","link":"https:\/\/www.galahad.de\/motion\/?page_id=36","title":{"rendered":"story"},"content":{"rendered":"<p>Die Formation MOTIONMANIA (Erich Schauder &amp; Ralf Veith) wurde im Jahr 1990 gegr\u00fcndet. Im Jahr 1992 erschien die erste Ver\u00f6ffentlichung unter dem Titel <span style=\"color: #0000ff;\"><strong>ESC-RAVE<\/strong><\/span> &#8211; den Anfangsinitialien der beiden Musiker. Es folgten zahlreiche Radiointerviews- und eins\u00e4tze u.a. im WDR 1 (Schwingungen mit Winfried Trenkler), SECRET MUSIC (WVKR-Radio, New York), STRAKS..als de nacht valt (Radio SLOR, NL), Radio WAVES. Mit der 1993er Ver\u00f6ffentlichung <strong><span style=\"color: #0000ff;\">BORDERLINE<\/span><\/strong> landete MOTIONMANIA den 3. Platz unter den 10 besten Titel im Jahr 1994 bei einem New Yorker Radiosender. 1994 folgte die CD <strong><span style=\"color: #0000ff;\">HUMAN<\/span><\/strong> und bildete vorerst den Abschlu\u00df der mit ESC-RAVE begonnenen Triologie des fiktiven Planeten 2XF.<\/p>\n<p>Es folgten Auftritte u.a. mit KLAUS SCHULZE bei den Duisburger Akzenten, BRAINWORK , bei der Schwingungen-Preisverleihung und zahlreiche Ausz\u00fcge auf vielen Elektronic-Music-Samplern, Musik-Videos, sowie auf Winfried Trenklers &#8222;<em>SCHWINGUNGEN AUF CD<\/em>&#8222;.<\/p>\n<p>Nachdem im Jahre 1997 die CD <strong><span style=\"color: #0000ff;\">PERSPEKTIVE<\/span><\/strong> erschien, folgte nach einer l\u00e4ngeren Sch\u00f6pfungspause Ende 2006 die neue Ver\u00f6ffentlichung <span style=\"color: #0000ff;\"><strong>INTERSTELLAR TRANSMISSIONS<\/strong><\/span>, eine Doppel-CD. Motionmania konnte hierbei aus einem eingespielten Fundus der letzten 8 Jahre sch\u00f6pfen und das Beste hieraus auf der neuen CD mit \u00fcber 2:30 h Spielzeit zusammenstellen.<\/p>\n<p>Es folgten einige bisher unver\u00f6ffentlichte Kompositionen auf der CD-Reihe <em>&#8222;SCHWINGUNGEN AUF CD&#8220;, <\/em>die mittlerweile von J\u00f6rg Strawe weitergef\u00fchrt wurde.<\/p>\n<p>Ende 2019 erschien mit dem RAVE-SOLO-Projekt <strong><span style=\"color: #0000ff;\">Stories From The Book Of Ahrp<\/span><\/strong> nach l\u00e4ngerer Schaffenspause erneut eine unverwechselbare MOTIONMANIA CD, frei nach dem Motto:<\/p>\n<p>&#8222;Feel motion and emotion without frontiers !&#8220;<\/p>\n","protected":false},"excerpt":{"rendered":"<p>Die Formation MOTIONMANIA (Erich Schauder &amp; Ralf Veith) wurde im Jahr 1990 gegr\u00fcndet. Im Jahr 1992 erschien die erste Ver\u00f6ffentlichung unter dem Titel ESC-RAVE &#8211; den Anfangsinitialien der beiden Musiker. Es folgten zahlreiche Radiointerviews- und eins\u00e4tze u.a. im WDR 1 (Schwingungen mit Winfried Trenkler), SECRET MUSIC (WVKR-Radio, New York), STRAKS..als de nacht valt (Radio SLOR, [&hellip;]<\/p>\n","protected":false},"author":1,"featured_media":0,"parent":0,"menu_order":0,"comment_status":"closed","ping_status":"closed","template":"","meta":[],"_links":{"self":[{"href":"https:\/\/www.galahad.de\/motion\/index.php?rest_route=\/wp\/v2\/pages\/36"}],"collection":[{"href":"https:\/\/www.galahad.de\/motion\/index.php?rest_route=\/wp\/v2\/pages"}],"about":[{"href":"https:\/\/www.galahad.de\/motion\/index.php?rest_route=\/wp\/v2\/types\/page"}],"author":[{"embeddable":true,"href":"https:\/\/www.galahad.de\/motion\/index.php?rest_route=\/wp\/v2\/users\/1"}],"replies":[{"embeddable":true,"href":"https:\/\/www.galahad.de\/motion\/index.php?rest_route=%2Fwp%2Fv2%2Fcomments&post=36"}],"version-history":[{"count":4,"href":"https:\/\/www.galahad.de\/motion\/index.php?rest_route=\/wp\/v2\/pages\/36\/revisions"}],"predecessor-version":[{"id":83,"href":"https:\/\/www.galahad.de\/motion\/index.php?rest_route=\/wp\/v2\/pages\/36\/revisions\/83"}],"wp:attachment":[{"href":"https:\/\/www.galahad.de\/motion\/index.php?rest_route=%2Fwp%2Fv2%2Fmedia&parent=36"}],"curies":[{"name":"wp","href":"https:\/\/api.w.org\/{rel}","templated":true}]}}