{"id":846,"date":"2018-08-11T10:37:04","date_gmt":"2018-08-11T09:37:04","guid":{"rendered":"https:\/\/www.galahad.de\/gala_wp\/?page_id=846"},"modified":"2023-08-06T15:37:49","modified_gmt":"2023-08-06T14:37:49","slug":"ma-duo","status":"publish","type":"page","link":"https:\/\/www.galahad.de\/gala_wp\/?page_id=846","title":{"rendered":"Musik-Affairs-Duo"},"content":{"rendered":"<div class=\"su-image-carousel  su-image-carousel-has-outline su-image-carousel-adaptive su-image-carousel-slides-style-default su-image-carousel-controls-style-dark su-image-carousel-align-auto\" style=\"\" data-flickity-options='{\"groupCells\":true,\"cellSelector\":\".su-image-carousel-item\",\"adaptiveHeight\":true,\"cellAlign\":\"left\",\"prevNextButtons\":true,\"pageDots\":false,\"autoPlay\":5000,\"imagesLoaded\":true,\"contain\":false,\"selectedAttraction\":0.025000000000000001,\"friction\":0.28000000000000003}' id=\"su_image_carousel_69e748de12e7a\"><div class=\"su-image-carousel-item\"><div class=\"su-image-carousel-item-content\"><img loading=\"lazy\" decoding=\"async\" width=\"300\" height=\"48\" src=\"https:\/\/www.galahad.de\/gala_wp\/wp-content\/uploads\/2018\/08\/04-300x48.jpg\" class=\"\" alt=\"\" srcset=\"https:\/\/www.galahad.de\/gala_wp\/wp-content\/uploads\/2018\/08\/04-300x48.jpg 300w, https:\/\/www.galahad.de\/gala_wp\/wp-content\/uploads\/2018\/08\/04-768x123.jpg 768w, https:\/\/www.galahad.de\/gala_wp\/wp-content\/uploads\/2018\/08\/04.jpg 940w\" sizes=\"auto, (max-width: 300px) 100vw, 300px\" \/><\/div><\/div><div class=\"su-image-carousel-item\"><div class=\"su-image-carousel-item-content\"><img loading=\"lazy\" decoding=\"async\" width=\"300\" height=\"48\" src=\"https:\/\/www.galahad.de\/gala_wp\/wp-content\/uploads\/2018\/08\/02-300x48.jpg\" class=\"\" alt=\"\" srcset=\"https:\/\/www.galahad.de\/gala_wp\/wp-content\/uploads\/2018\/08\/02-300x48.jpg 300w, https:\/\/www.galahad.de\/gala_wp\/wp-content\/uploads\/2018\/08\/02-768x123.jpg 768w, https:\/\/www.galahad.de\/gala_wp\/wp-content\/uploads\/2018\/08\/02.jpg 940w\" sizes=\"auto, (max-width: 300px) 100vw, 300px\" \/><\/div><\/div><div class=\"su-image-carousel-item\"><div class=\"su-image-carousel-item-content\"><img loading=\"lazy\" decoding=\"async\" width=\"300\" height=\"48\" src=\"https:\/\/www.galahad.de\/gala_wp\/wp-content\/uploads\/2018\/08\/05-300x48.jpg\" class=\"\" alt=\"\" srcset=\"https:\/\/www.galahad.de\/gala_wp\/wp-content\/uploads\/2018\/08\/05-300x48.jpg 300w, https:\/\/www.galahad.de\/gala_wp\/wp-content\/uploads\/2018\/08\/05-768x123.jpg 768w, https:\/\/www.galahad.de\/gala_wp\/wp-content\/uploads\/2018\/08\/05.jpg 940w\" sizes=\"auto, (max-width: 300px) 100vw, 300px\" \/><\/div><\/div><div class=\"su-image-carousel-item\"><div class=\"su-image-carousel-item-content\"><img loading=\"lazy\" decoding=\"async\" width=\"300\" height=\"48\" src=\"https:\/\/www.galahad.de\/gala_wp\/wp-content\/uploads\/2018\/08\/01-300x48.jpg\" class=\"\" alt=\"\" srcset=\"https:\/\/www.galahad.de\/gala_wp\/wp-content\/uploads\/2018\/08\/01-300x48.jpg 300w, https:\/\/www.galahad.de\/gala_wp\/wp-content\/uploads\/2018\/08\/01-768x123.jpg 768w, https:\/\/www.galahad.de\/gala_wp\/wp-content\/uploads\/2018\/08\/01.jpg 940w\" sizes=\"auto, (max-width: 300px) 100vw, 300px\" \/><\/div><\/div><div class=\"su-image-carousel-item\"><div class=\"su-image-carousel-item-content\"><img loading=\"lazy\" decoding=\"async\" width=\"300\" height=\"48\" src=\"https:\/\/www.galahad.de\/gala_wp\/wp-content\/uploads\/2018\/08\/06-300x48.jpg\" class=\"\" alt=\"\" srcset=\"https:\/\/www.galahad.de\/gala_wp\/wp-content\/uploads\/2018\/08\/06-300x48.jpg 300w, https:\/\/www.galahad.de\/gala_wp\/wp-content\/uploads\/2018\/08\/06-768x123.jpg 768w, https:\/\/www.galahad.de\/gala_wp\/wp-content\/uploads\/2018\/08\/06.jpg 940w\" sizes=\"auto, (max-width: 300px) 100vw, 300px\" \/><\/div><\/div><div class=\"su-image-carousel-item\"><div class=\"su-image-carousel-item-content\"><img loading=\"lazy\" decoding=\"async\" width=\"300\" height=\"48\" src=\"https:\/\/www.galahad.de\/gala_wp\/wp-content\/uploads\/2018\/08\/03-300x48.jpg\" class=\"\" alt=\"\" srcset=\"https:\/\/www.galahad.de\/gala_wp\/wp-content\/uploads\/2018\/08\/03-300x48.jpg 300w, https:\/\/www.galahad.de\/gala_wp\/wp-content\/uploads\/2018\/08\/03-768x123.jpg 768w, https:\/\/www.galahad.de\/gala_wp\/wp-content\/uploads\/2018\/08\/03.jpg 940w\" sizes=\"auto, (max-width: 300px) 100vw, 300px\" \/><\/div><\/div><\/div><script id=\"su_image_carousel_69e748de12e7a_script\">if(window.SUImageCarousel){setTimeout(function() {window.SUImageCarousel.initGallery(document.getElementById(\"su_image_carousel_69e748de12e7a\"))}, 0);}var su_image_carousel_69e748de12e7a_script=document.getElementById(\"su_image_carousel_69e748de12e7a_script\");if(su_image_carousel_69e748de12e7a_script){su_image_carousel_69e748de12e7a_script.parentNode.removeChild(su_image_carousel_69e748de12e7a_script);}<\/script>\n<p><strong><span style=\"color: #999999;\"><em>Folk Songs &#8211; Weihnachtslieder &#8211; Kinderlieder &#8211; Traditionals &#8211; Volkslieder &#8211; Instrumentals &#8211; Songwriter\u00a0 &#8211; Musik f\u00fcr Gesang, Gitarre und Geige auf dem\u00a0 Folkfest &#8211; Weihnachtsmarkt &#8211; Kindergeburtstag &#8211; Stadtfest &#8211; Lagerfeuer u.v.m: Musik zum Zuh\u00f6ren, neu erleben und Mitmachen<\/em><\/span><\/strong><\/p>\n<p>Musik begleitet uns schon unser bisheriges Leben lang und soll es auch noch weiter tun.<\/p>\n<p>Hierbei war es f\u00fcr uns als Music-Affairs-Duo nie wichtig, welchem Genre, welchem Stil ein Musikst\u00fcck urspr\u00fcnglich &#8222;verhaftet&#8220; war oder noch \u00fcberwiegend ist. F\u00fcr uns steht immer wieder im Mittelpunkt, welche Emotionen ein Lied bei uns und bei unseren Zuh\u00f6rern ganz individuell &#8222;entfachen&#8220; kann. Denn darum geht es uns: Was ist Musik, wenn sie es nicht schafft das Gef\u00fchl in einem Menschen zu regen, einen Menschen zu inspirieren, die Welt f\u00fcr ihn eventuell &#8211; und wenn auch nur f\u00fcr einen Moment &#8211; etwas besser zu machen?\u00a0 Ihn vielleicht auch manchmal zum Nachdenken anregen kann?<\/p>\n<p>Folky-greens &amp; Ever-tunes:\u00a0 was ist denn das ? ? Wir spielen neben eigenen Komposition auch Lieder anderer Musiker und Interpreten\/Komponisten. Dabei liegt nicht das &#8222;covern&#8220; eines Liedes im Vordergrund. Unsere Liebe zur Gitarre, die vielen M\u00f6glichkeiten, die Gesang, Geige und Fl\u00f6ten geben, erm\u00f6glichen uns vielen Lieder ganz besondere &#8222;Emotionen&#8220; zu entlocken und dann auch vielleicht auf unsere Zuh\u00f6rer \u00fcberspringen zu lassen.<\/p>\n<div class=\"su-image-carousel  su-image-carousel-has-outline su-image-carousel-adaptive su-image-carousel-slides-style-default su-image-carousel-controls-style-dark su-image-carousel-align-auto\" style=\"\" data-flickity-options='{\"groupCells\":true,\"cellSelector\":\".su-image-carousel-item\",\"adaptiveHeight\":true,\"cellAlign\":\"left\",\"prevNextButtons\":true,\"pageDots\":false,\"autoPlay\":5000,\"imagesLoaded\":true,\"contain\":false,\"selectedAttraction\":0.025000000000000001,\"friction\":0.28000000000000003}' id=\"su_image_carousel_69e748de13c3f\"><div class=\"su-image-carousel-item\"><div class=\"su-image-carousel-item-content\"><img loading=\"lazy\" decoding=\"async\" width=\"300\" height=\"225\" src=\"https:\/\/www.galahad.de\/gala_wp\/wp-content\/uploads\/2018\/08\/MA_Duo_ok3-300x225.jpg\" class=\"\" alt=\"\" srcset=\"https:\/\/www.galahad.de\/gala_wp\/wp-content\/uploads\/2018\/08\/MA_Duo_ok3-300x225.jpg 300w, https:\/\/www.galahad.de\/gala_wp\/wp-content\/uploads\/2018\/08\/MA_Duo_ok3-768x575.jpg 768w, https:\/\/www.galahad.de\/gala_wp\/wp-content\/uploads\/2018\/08\/MA_Duo_ok3-1024x767.jpg 1024w, https:\/\/www.galahad.de\/gala_wp\/wp-content\/uploads\/2018\/08\/MA_Duo_ok3.jpg 1280w\" sizes=\"auto, (max-width: 300px) 100vw, 300px\" \/><\/div><\/div><div class=\"su-image-carousel-item\"><div class=\"su-image-carousel-item-content\"><img loading=\"lazy\" decoding=\"async\" width=\"300\" height=\"153\" src=\"https:\/\/www.galahad.de\/gala_wp\/wp-content\/uploads\/2018\/08\/MA_Emscher-300x153.jpg\" class=\"\" alt=\"\" srcset=\"https:\/\/www.galahad.de\/gala_wp\/wp-content\/uploads\/2018\/08\/MA_Emscher-300x153.jpg 300w, https:\/\/www.galahad.de\/gala_wp\/wp-content\/uploads\/2018\/08\/MA_Emscher-768x391.jpg 768w, https:\/\/www.galahad.de\/gala_wp\/wp-content\/uploads\/2018\/08\/MA_Emscher-1024x521.jpg 1024w, https:\/\/www.galahad.de\/gala_wp\/wp-content\/uploads\/2018\/08\/MA_Emscher.jpg 1604w\" sizes=\"auto, (max-width: 300px) 100vw, 300px\" \/><\/div><\/div><div class=\"su-image-carousel-item\"><div class=\"su-image-carousel-item-content\"><img loading=\"lazy\" decoding=\"async\" width=\"300\" height=\"200\" src=\"https:\/\/www.galahad.de\/gala_wp\/wp-content\/uploads\/2018\/08\/MA_Duo_CA2-300x200.jpg\" class=\"\" alt=\"\" srcset=\"https:\/\/www.galahad.de\/gala_wp\/wp-content\/uploads\/2018\/08\/MA_Duo_CA2-300x200.jpg 300w, https:\/\/www.galahad.de\/gala_wp\/wp-content\/uploads\/2018\/08\/MA_Duo_CA2-768x512.jpg 768w, https:\/\/www.galahad.de\/gala_wp\/wp-content\/uploads\/2018\/08\/MA_Duo_CA2-150x100.jpg 150w, https:\/\/www.galahad.de\/gala_wp\/wp-content\/uploads\/2018\/08\/MA_Duo_CA2-200x133.jpg 200w, https:\/\/www.galahad.de\/gala_wp\/wp-content\/uploads\/2018\/08\/MA_Duo_CA2-250x166.jpg 250w, https:\/\/www.galahad.de\/gala_wp\/wp-content\/uploads\/2018\/08\/MA_Duo_CA2.jpg 960w\" sizes=\"auto, (max-width: 300px) 100vw, 300px\" \/><\/div><\/div><div class=\"su-image-carousel-item\"><div class=\"su-image-carousel-item-content\"><img loading=\"lazy\" decoding=\"async\" width=\"300\" height=\"200\" src=\"https:\/\/www.galahad.de\/gala_wp\/wp-content\/uploads\/2018\/08\/MA_Duo_CA1-300x200.jpg\" class=\"\" alt=\"\" srcset=\"https:\/\/www.galahad.de\/gala_wp\/wp-content\/uploads\/2018\/08\/MA_Duo_CA1-300x200.jpg 300w, https:\/\/www.galahad.de\/gala_wp\/wp-content\/uploads\/2018\/08\/MA_Duo_CA1-768x512.jpg 768w, https:\/\/www.galahad.de\/gala_wp\/wp-content\/uploads\/2018\/08\/MA_Duo_CA1-150x100.jpg 150w, https:\/\/www.galahad.de\/gala_wp\/wp-content\/uploads\/2018\/08\/MA_Duo_CA1-200x133.jpg 200w, https:\/\/www.galahad.de\/gala_wp\/wp-content\/uploads\/2018\/08\/MA_Duo_CA1-250x166.jpg 250w, https:\/\/www.galahad.de\/gala_wp\/wp-content\/uploads\/2018\/08\/MA_Duo_CA1.jpg 960w\" sizes=\"auto, (max-width: 300px) 100vw, 300px\" \/><\/div><\/div><\/div><script id=\"su_image_carousel_69e748de13c3f_script\">if(window.SUImageCarousel){setTimeout(function() {window.SUImageCarousel.initGallery(document.getElementById(\"su_image_carousel_69e748de13c3f\"))}, 0);}var su_image_carousel_69e748de13c3f_script=document.getElementById(\"su_image_carousel_69e748de13c3f_script\");if(su_image_carousel_69e748de13c3f_script){su_image_carousel_69e748de13c3f_script.parentNode.removeChild(su_image_carousel_69e748de13c3f_script);}<\/script>\n<p>Unsere gemeinsamen, aber auch die getrennten bisherigen Wege in unserer eigenen Biografie sind hierbei immer wieder sp\u00fcrbar. Gleichg\u00fcltig ob es urspr\u00fcnglich eine typische Folk- (z.B. &#8222;Star of the County Down&#8220;, &#8222;Wild Mountain&#8220;) oder auch Rock- oder Liedermacherkomposition (z.B. &#8222;Baby, can I hold you&#8220;, &#8222;Far away in Australia&#8220;) war, versuchen wir vielfach bekannte Musikst\u00fccke auf oft eigene Weise zu interpretieren und ihnen eine vielleicht versteckte Facette zu entlocken.<\/p>\n<p>Wir m\u00f6chten dabei auch immer etwas von dem, was die Musik uns gibt, an andere weitergeben.<\/p>\n<p><em><strong>Lasst Euch und lassen Sie sich auf zauberhafte Weise verzaubern, um zum<\/strong><\/em><br \/>\n<em><strong>Teil alt bekannte Musikst\u00fccke neu zu erleben.<\/strong><\/em><\/p>\n<blockquote><p>Martina &amp; Ralf<\/p><\/blockquote>\n<p>&nbsp;<\/p>\n","protected":false},"excerpt":{"rendered":"<p>Folk Songs &#8211; Weihnachtslieder &#8211; Kinderlieder &#8211; Traditionals &#8211; Volkslieder &#8211; Instrumentals &#8211; Songwriter\u00a0 &#8211; Musik f\u00fcr Gesang, Gitarre und Geige auf dem\u00a0 Folkfest &#8211; Weihnachtsmarkt &#8211; Kindergeburtstag &#8211; Stadtfest &#8211; Lagerfeuer u.v.m: Musik zum Zuh\u00f6ren, neu erleben und Mitmachen Musik begleitet uns schon unser bisheriges Leben lang und soll es auch noch weiter tun. &hellip; <a href=\"https:\/\/www.galahad.de\/gala_wp\/?page_id=846\" class=\"more-link\"><span class=\"screen-reader-text\">Musik-Affairs-Duo<\/span> weiterlesen <span class=\"meta-nav\">&rarr;<\/span><\/a><\/p>\n","protected":false},"author":1,"featured_media":0,"parent":16,"menu_order":0,"comment_status":"closed","ping_status":"closed","template":"","meta":{"footnotes":""},"class_list":["post-846","page","type-page","status-publish","hentry"],"_links":{"self":[{"href":"https:\/\/www.galahad.de\/gala_wp\/index.php?rest_route=\/wp\/v2\/pages\/846","targetHints":{"allow":["GET"]}}],"collection":[{"href":"https:\/\/www.galahad.de\/gala_wp\/index.php?rest_route=\/wp\/v2\/pages"}],"about":[{"href":"https:\/\/www.galahad.de\/gala_wp\/index.php?rest_route=\/wp\/v2\/types\/page"}],"author":[{"embeddable":true,"href":"https:\/\/www.galahad.de\/gala_wp\/index.php?rest_route=\/wp\/v2\/users\/1"}],"replies":[{"embeddable":true,"href":"https:\/\/www.galahad.de\/gala_wp\/index.php?rest_route=%2Fwp%2Fv2%2Fcomments&post=846"}],"version-history":[{"count":23,"href":"https:\/\/www.galahad.de\/gala_wp\/index.php?rest_route=\/wp\/v2\/pages\/846\/revisions"}],"predecessor-version":[{"id":1347,"href":"https:\/\/www.galahad.de\/gala_wp\/index.php?rest_route=\/wp\/v2\/pages\/846\/revisions\/1347"}],"up":[{"embeddable":true,"href":"https:\/\/www.galahad.de\/gala_wp\/index.php?rest_route=\/wp\/v2\/pages\/16"}],"wp:attachment":[{"href":"https:\/\/www.galahad.de\/gala_wp\/index.php?rest_route=%2Fwp%2Fv2%2Fmedia&parent=846"}],"curies":[{"name":"wp","href":"https:\/\/api.w.org\/{rel}","templated":true}]}}