{"id":557,"date":"2014-12-22T12:11:02","date_gmt":"2014-12-22T11:11:02","guid":{"rendered":"http:\/\/www.galahad.de\/gala_wp\/?page_id=557"},"modified":"2014-12-23T19:52:17","modified_gmt":"2014-12-23T18:52:17","slug":"reviews","status":"publish","type":"page","link":"https:\/\/www.galahad.de\/gala_wp\/?page_id=557","title":{"rendered":"Reviews"},"content":{"rendered":"<p>Liebe GALAHAD-Fans, in letzter Zeit h\u00e4ufen sich Abmahnungen gegen Musiker,<br \/>\ndie Pressekritiken auf ihre Websites stellen. Deshalb mu\u00dften wir unsere umfangreiche REVIEW-Seite zum Teil reduzieren. Wir bitten alle diese Aktion zu unterst\u00fctzen:\u00a0 &#8222;<a href=\"http:\/\/www.chanson.de\/unterschreiben.php\">Aktion-gegen-Presse-Abmahnungen-bei K\u00fcnstlern<\/a>&#8222;. Auf Wunsch geben wir gerne bei Nachfrage entsprechende Zitatstellen \u00fcber Konzerte und CD-Kritiken weiter&#8230;&#8230; Eure Galahads<\/p>\n<p>&nbsp;<\/p>\n<div id=\"p-main-slider_4\"\r\n     class=\"portfolio-gallery-content p-main-slider liquid-slider view-content-slider\"\r\n     data-pause-hover=\"on\"\r\n     data-autoslide=\"on\"\r\n     data-slide-duration=\"1000\"\r\n     data-slide-interval=\"4000\"\r\n     data-slide-effect=\"center\"\r\n     data-portfolio-id=\"4\"\r\n\tdata-show-loading=\"on\">\r\n\r\n\t\t\t<div class=\"slider-content\">\r\n\t\t\t<div class=\"slider-content-wrapper slide_number1\">\r\n\t\t\t\t<div class=\"image-block_4\">\r\n\t\t\t\t\t\t\t\t\t\t\t\t\t<a class=\"portfolio-group1 portfolio-group-slider_4_1\"\r\n\t\t\t\t\t\t\t\t   href=\"http:\/\/www.galahad.de\/gala_wp\/wp-content\/uploads\/2014\/12\/gala_seasons_klein.jpg\"\r\n\t\t\t\t\t\t\t\t   title=\"Seasons Greetings - Terror-Verlag, 06\/2014:\" data-groupID=\"1\"><img\r\n\t\t\t\t\t\t\t\t\t\talt=\"Seasons Greetings - Terror-Verlag, 06\/2014:\" class=\"main-image\"\r\n\t\t\t\t\t\t\t\t\t\tsrc=\"https:\/\/www.galahad.de\/gala_wp\/wp-content\/uploads\/2014\/12\/gala_seasons_klein.jpg\"\/><\/a>\r\n\t\t\t\t\t\t\t\t\r\n\t\t\t\t\t\t\t\t\t\t\t<div>\r\n\t\t\t\t\t\t\t<ul class=\"thumbs-list_4\">\r\n\t\t\t\t\t\t\t\t\t\t\t\t\t\t\t<\/ul>\r\n\t\t\t\t\t\t<\/div>\r\n\t\t\t\t\t\t\t\t\t<\/div>\r\n\t\t\t\t<div class=\"right-block\">\r\n\t\t\t\t\t<div><h2 class=\"title\">Seasons Greetings - Terror-Verlag, 06\/2014:<\/h2><\/div>\r\n\t\t\t\t\t\t\t\t\t\t\t<div class=\"description\"><\/div>\t\t\t\t\t\t\t\t\t\t\t<div class=\"button-block\">\r\n\t\t\t\t\t\t\t<a class=\"\"\r\n\t\t\t\t\t\t\t   href=\"http:\/\/www.terrorverlag.com\/rezensionen\/galahad\/seasons-greetings\/\" >View More<\/a>\r\n\t\t\t\t\t\t<\/div>\r\n\t\t\t\t\t\t\t\t\t<\/div>\r\n\t\t\t<\/div>\r\n\t\t<\/div>\r\n\t\t\t\t<div class=\"slider-content\">\r\n\t\t\t<div class=\"slider-content-wrapper slide_number2\">\r\n\t\t\t\t<div class=\"image-block_4\">\r\n\t\t\t\t\t\t\t\t\t\t\t\t\t<a class=\"portfolio-group2 portfolio-group-slider_4_2\"\r\n\t\t\t\t\t\t\t\t   href=\"http:\/\/www.galahad.de\/gala_wp\/wp-content\/uploads\/2014\/12\/cdmyrrd2.jpg\"\r\n\t\t\t\t\t\t\t\t   title=\"Musikansich.de - Myrddin\" data-groupID=\"2\"><img\r\n\t\t\t\t\t\t\t\t\t\talt=\"Musikansich.de - Myrddin\" class=\"main-image\"\r\n\t\t\t\t\t\t\t\t\t\tsrc=\"https:\/\/www.galahad.de\/gala_wp\/wp-content\/uploads\/2014\/12\/cdmyrrd2.jpg\"\/><\/a>\r\n\t\t\t\t\t\t\t\t\r\n\t\t\t\t\t\t\t\t\t\t\t<div>\r\n\t\t\t\t\t\t\t<ul class=\"thumbs-list_4\">\r\n\t\t\t\t\t\t\t\t\t\t\t\t\t\t\t<\/ul>\r\n\t\t\t\t\t\t<\/div>\r\n\t\t\t\t\t\t\t\t\t<\/div>\r\n\t\t\t\t<div class=\"right-block\">\r\n\t\t\t\t\t<div><h2 class=\"title\">Musikansich.de - Myrddin<\/h2><\/div>\r\n\t\t\t\t\t\t\t\t\t\t\t<div class=\"description\"><\/div>\t\t\t\t\t\t\t\t\t\t\t<div class=\"button-block\">\r\n\t\t\t\t\t\t\t<a class=\"\"\r\n\t\t\t\t\t\t\t   href=\"http:\/\/www.musikansich.de\/review.php?id=824\" >View More<\/a>\r\n\t\t\t\t\t\t<\/div>\r\n\t\t\t\t\t\t\t\t\t<\/div>\r\n\t\t\t<\/div>\r\n\t\t<\/div>\r\n\t\t\t\t<div class=\"slider-content\">\r\n\t\t\t<div class=\"slider-content-wrapper slide_number3\">\r\n\t\t\t\t<div class=\"image-block_4\">\r\n\t\t\t\t\t\t\t\t\t\t\t\t\t<a class=\"portfolio-group3 portfolio-group-slider_4_3\"\r\n\t\t\t\t\t\t\t\t   href=\"http:\/\/www.galahad.de\/gala_wp\/wp-content\/uploads\/2014\/12\/cd_story1.jpg\"\r\n\t\t\t\t\t\t\t\t   title=\"Musikansich.de - Storyteller&#039;s Dance\" data-groupID=\"3\"><img\r\n\t\t\t\t\t\t\t\t\t\talt=\"Musikansich.de - Storyteller&#039;s Dance\" class=\"main-image\"\r\n\t\t\t\t\t\t\t\t\t\tsrc=\"https:\/\/www.galahad.de\/gala_wp\/wp-content\/uploads\/2014\/12\/cd_story1.jpg\"\/><\/a>\r\n\t\t\t\t\t\t\t\t\r\n\t\t\t\t\t\t\t\t\t\t\t<div>\r\n\t\t\t\t\t\t\t<ul class=\"thumbs-list_4\">\r\n\t\t\t\t\t\t\t\t\t\t\t\t\t\t\t<\/ul>\r\n\t\t\t\t\t\t<\/div>\r\n\t\t\t\t\t\t\t\t\t<\/div>\r\n\t\t\t\t<div class=\"right-block\">\r\n\t\t\t\t\t<div><h2 class=\"title\">Musikansich.de - Storyteller's Dance<\/h2><\/div>\r\n\t\t\t\t\t\t\t\t\t\t\t<div class=\"description\"><\/div>\t\t\t\t\t\t\t\t\t\t\t<div class=\"button-block\">\r\n\t\t\t\t\t\t\t<a class=\"\"\r\n\t\t\t\t\t\t\t   href=\"http:\/\/www.musikansich.de\/review.php?id=1280\" >View More<\/a>\r\n\t\t\t\t\t\t<\/div>\r\n\t\t\t\t\t\t\t\t\t<\/div>\r\n\t\t\t<\/div>\r\n\t\t<\/div>\r\n\t\t\t\t<div class=\"slider-content\">\r\n\t\t\t<div class=\"slider-content-wrapper slide_number4\">\r\n\t\t\t\t<div class=\"image-block_4\">\r\n\t\t\t\t\t\t\t\t\t\t\t\t\t<a class=\"portfolio-group4 portfolio-group-slider_4_4\"\r\n\t\t\t\t\t\t\t\t   href=\"http:\/\/www.galahad.de\/gala_wp\/wp-content\/uploads\/2014\/12\/gala_inc1.jpg\"\r\n\t\t\t\t\t\t\t\t   title=\"metal-trails.com, 10\/2011, Incredibile Galahad\" data-groupID=\"4\"><img\r\n\t\t\t\t\t\t\t\t\t\talt=\"metal-trails.com, 10\/2011, Incredibile Galahad\" class=\"main-image\"\r\n\t\t\t\t\t\t\t\t\t\tsrc=\"https:\/\/www.galahad.de\/gala_wp\/wp-content\/uploads\/2014\/12\/gala_inc1.jpg\"\/><\/a>\r\n\t\t\t\t\t\t\t\t\r\n\t\t\t\t\t\t\t\t\t\t\t<div>\r\n\t\t\t\t\t\t\t<ul class=\"thumbs-list_4\">\r\n\t\t\t\t\t\t\t\t\t\t\t\t\t\t\t<\/ul>\r\n\t\t\t\t\t\t<\/div>\r\n\t\t\t\t\t\t\t\t\t<\/div>\r\n\t\t\t\t<div class=\"right-block\">\r\n\t\t\t\t\t<div><h2 class=\"title\">metal-trails.com, 10\/2011, Incredibile Galahad<\/h2><\/div>\r\n\t\t\t\t\t\t\t\t\t\t\t<div class=\"description\"><\/div>\t\t\t\t\t\t\t\t\t\t\t<div class=\"button-block\">\r\n\t\t\t\t\t\t\t<a class=\"\"\r\n\t\t\t\t\t\t\t   href=\"http:\/\/www.metal-trails.com\/interviews\/galahad\/paul-jost,tina-schreiber\/2011-01-08.html\" >View More<\/a>\r\n\t\t\t\t\t\t<\/div>\r\n\t\t\t\t\t\t\t\t\t<\/div>\r\n\t\t\t<\/div>\r\n\t\t<\/div>\r\n\t\t\t\t<div class=\"slider-content\">\r\n\t\t\t<div class=\"slider-content-wrapper slide_number5\">\r\n\t\t\t\t<div class=\"image-block_4\">\r\n\t\t\t\t\t\t\t\t\t\t\t\t\t<a class=\"portfolio-group5 portfolio-group-slider_4_5\"\r\n\t\t\t\t\t\t\t\t   href=\"http:\/\/www.galahad.de\/gala_wp\/wp-content\/uploads\/2014\/12\/galaicon.jpg\"\r\n\t\t\t\t\t\t\t\t   title=\"DER WESTEN, 05\/2013:  Von Tina zu Martina - von Bettina Schack\" data-groupID=\"5\"><img\r\n\t\t\t\t\t\t\t\t\t\talt=\"DER WESTEN, 05\/2013:  Von Tina zu Martina - von Bettina Schack\" class=\"main-image\"\r\n\t\t\t\t\t\t\t\t\t\tsrc=\"https:\/\/www.galahad.de\/gala_wp\/wp-content\/uploads\/2014\/12\/galaicon.jpg\"\/><\/a>\r\n\t\t\t\t\t\t\t\t\r\n\t\t\t\t\t\t\t\t\t\t\t<div>\r\n\t\t\t\t\t\t\t<ul class=\"thumbs-list_4\">\r\n\t\t\t\t\t\t\t\t\t\t\t\t\t\t\t<\/ul>\r\n\t\t\t\t\t\t<\/div>\r\n\t\t\t\t\t\t\t\t\t<\/div>\r\n\t\t\t\t<div class=\"right-block\">\r\n\t\t\t\t\t<div><h2 class=\"title\">DER WESTEN, 05\/2013:  Von Tina zu Martina - von Bettina Schack<\/h2><\/div>\r\n\t\t\t\t\t\t\t\t\t\t\t<div class=\"description\"><\/div>\t\t\t\t\t\t\t\t\t\t\t<div class=\"button-block\">\r\n\t\t\t\t\t\t\t<a class=\"\"\r\n\t\t\t\t\t\t\t   href=\"http:\/\/www.derwesten.de\/staedte\/nachrichten-aus-dinslaken-huenxe-und-voerde\/von-tina-zu-martina-aimp-id7897897.html\" >View More<\/a>\r\n\t\t\t\t\t\t<\/div>\r\n\t\t\t\t\t\t\t\t\t<\/div>\r\n\t\t\t<\/div>\r\n\t\t<\/div>\r\n\t\t\t\t<div class=\"slider-content\">\r\n\t\t\t<div class=\"slider-content-wrapper slide_number6\">\r\n\t\t\t\t<div class=\"image-block_4\">\r\n\t\t\t\t\t\t\t\t\t\t\t\t\t<a class=\"portfolio-group6 portfolio-group-slider_4_6\"\r\n\t\t\t\t\t\t\t\t   href=\"http:\/\/www.galahad.de\/gala_wp\/wp-content\/uploads\/2014\/12\/gala_seasons_klein.jpg\"\r\n\t\t\t\t\t\t\t\t   title=\"Celtic Rock Radio, 03\/2014:  Seasons Greetings\" data-groupID=\"6\"><img\r\n\t\t\t\t\t\t\t\t\t\talt=\"Celtic Rock Radio, 03\/2014:  Seasons Greetings\" class=\"main-image\"\r\n\t\t\t\t\t\t\t\t\t\tsrc=\"https:\/\/www.galahad.de\/gala_wp\/wp-content\/uploads\/2014\/12\/gala_seasons_klein.jpg\"\/><\/a>\r\n\t\t\t\t\t\t\t\t\r\n\t\t\t\t\t\t\t\t\t\t\t<div>\r\n\t\t\t\t\t\t\t<ul class=\"thumbs-list_4\">\r\n\t\t\t\t\t\t\t\t\t\t\t\t\t\t\t<\/ul>\r\n\t\t\t\t\t\t<\/div>\r\n\t\t\t\t\t\t\t\t\t<\/div>\r\n\t\t\t\t<div class=\"right-block\">\r\n\t\t\t\t\t<div><h2 class=\"title\">Celtic Rock Radio, 03\/2014:  Seasons Greetings<\/h2><\/div>\r\n\t\t\t\t\t\t\t\t\t\t\t<div class=\"description\"><\/div>\t\t\t\t\t\t\t\t\t\t\t<div class=\"button-block\">\r\n\t\t\t\t\t\t\t<a class=\"\"\r\n\t\t\t\t\t\t\t   href=\"http:\/\/celtic-rock.de\/2014\/03\/galahad-seasons-greetings-2014\/\" >View More<\/a>\r\n\t\t\t\t\t\t<\/div>\r\n\t\t\t\t\t\t\t\t\t<\/div>\r\n\t\t\t<\/div>\r\n\t\t<\/div>\r\n\t\t\t\t<div class=\"slider-content\">\r\n\t\t\t<div class=\"slider-content-wrapper slide_number7\">\r\n\t\t\t\t<div class=\"image-block_4\">\r\n\t\t\t\t\t\t\t\t\t\t\t\t\t<a class=\"portfolio-group7 portfolio-group-slider_4_7\"\r\n\t\t\t\t\t\t\t\t   href=\"http:\/\/www.galahad.de\/gala_wp\/wp-content\/uploads\/2014\/12\/galaicon.jpg\"\r\n\t\t\t\t\t\t\t\t   title=\"WAZ, 08\/2013:  Gem\u00fctlichkeit in der Altstadt\" data-groupID=\"7\"><img\r\n\t\t\t\t\t\t\t\t\t\talt=\"WAZ, 08\/2013:  Gem\u00fctlichkeit in der Altstadt\" class=\"main-image\"\r\n\t\t\t\t\t\t\t\t\t\tsrc=\"https:\/\/www.galahad.de\/gala_wp\/wp-content\/uploads\/2014\/12\/galaicon.jpg\"\/><\/a>\r\n\t\t\t\t\t\t\t\t\r\n\t\t\t\t\t\t\t\t\t\t\t<div>\r\n\t\t\t\t\t\t\t<ul class=\"thumbs-list_4\">\r\n\t\t\t\t\t\t\t\t\t\t\t\t\t\t\t<\/ul>\r\n\t\t\t\t\t\t<\/div>\r\n\t\t\t\t\t\t\t\t\t<\/div>\r\n\t\t\t\t<div class=\"right-block\">\r\n\t\t\t\t\t<div><h2 class=\"title\">WAZ, 08\/2013:  Gem\u00fctlichkeit in der Altstadt<\/h2><\/div>\r\n\t\t\t\t\t\t\t\t\t\t\t<div class=\"description\"><\/div>\t\t\t\t\t\t\t\t\t\t\t<div class=\"button-block\">\r\n\t\t\t\t\t\t\t<a class=\"\"\r\n\t\t\t\t\t\t\t   href=\"http:\/\/www.derwesten.de\/staedte\/nachrichten-aus-luedenscheid-halver-und-schalksmuehle\/gemuetlichkeit-in-der-altstadt-id8331918.h\" >View More<\/a>\r\n\t\t\t\t\t\t<\/div>\r\n\t\t\t\t\t\t\t\t\t<\/div>\r\n\t\t\t<\/div>\r\n\t\t<\/div>\r\n\t\t\t\t<div class=\"slider-content\">\r\n\t\t\t<div class=\"slider-content-wrapper slide_number8\">\r\n\t\t\t\t<div class=\"image-block_4\">\r\n\t\t\t\t\t\t\t\t\t\t\t\t\t<a class=\"portfolio-group8 portfolio-group-slider_4_8\"\r\n\t\t\t\t\t\t\t\t   href=\"http:\/\/www.galahad.de\/gala_wp\/wp-content\/uploads\/2014\/12\/gala_seasons_klein1.jpg\"\r\n\t\t\t\t\t\t\t\t   title=\"Side-Line Music Magazin, 06\/2014: Seasons Greetings\" data-groupID=\"8\"><img\r\n\t\t\t\t\t\t\t\t\t\talt=\"Side-Line Music Magazin, 06\/2014: Seasons Greetings\" class=\"main-image\"\r\n\t\t\t\t\t\t\t\t\t\tsrc=\"https:\/\/www.galahad.de\/gala_wp\/wp-content\/uploads\/2014\/12\/gala_seasons_klein1.jpg\"\/><\/a>\r\n\t\t\t\t\t\t\t\t\r\n\t\t\t\t\t\t\t\t\t\t\t<div>\r\n\t\t\t\t\t\t\t<ul class=\"thumbs-list_4\">\r\n\t\t\t\t\t\t\t\t\t\t\t\t\t\t\t<\/ul>\r\n\t\t\t\t\t\t<\/div>\r\n\t\t\t\t\t\t\t\t\t<\/div>\r\n\t\t\t\t<div class=\"right-block\">\r\n\t\t\t\t\t<div><h2 class=\"title\">Side-Line Music Magazin, 06\/2014: Seasons Greetings<\/h2><\/div>\r\n\t\t\t\t\t\t\t\t\t\t\t<div class=\"description\"><\/div>\t\t\t\t\t\t\t\t\t\t\t<div class=\"button-block\">\r\n\t\t\t\t\t\t\t<a class=\"\"\r\n\t\t\t\t\t\t\t   href=\"http:\/\/www.side-line.com\/reviews_comments.php?id=51165_0_17_0_C\" >View More<\/a>\r\n\t\t\t\t\t\t<\/div>\r\n\t\t\t\t\t\t\t\t\t<\/div>\r\n\t\t\t<\/div>\r\n\t\t<\/div>\r\n\t\t\t\t<div class=\"slider-content\">\r\n\t\t\t<div class=\"slider-content-wrapper slide_number9\">\r\n\t\t\t\t<div class=\"image-block_4\">\r\n\t\t\t\t\t\t\t\t\t\t\t\t\t<a class=\"portfolio-group9 portfolio-group-slider_4_9\"\r\n\t\t\t\t\t\t\t\t   href=\"http:\/\/www.galahad.de\/gala_wp\/wp-content\/uploads\/2014\/12\/gala_inc1.jpg\"\r\n\t\t\t\t\t\t\t\t   title=\"Powermetal.de, 01\/2014, Raphael P\u00e4bst: Incredibile\" data-groupID=\"9\"><img\r\n\t\t\t\t\t\t\t\t\t\talt=\"Powermetal.de, 01\/2014, Raphael P\u00e4bst: Incredibile\" class=\"main-image\"\r\n\t\t\t\t\t\t\t\t\t\tsrc=\"https:\/\/www.galahad.de\/gala_wp\/wp-content\/uploads\/2014\/12\/gala_inc1.jpg\"\/><\/a>\r\n\t\t\t\t\t\t\t\t\r\n\t\t\t\t\t\t\t\t\t\t\t<div>\r\n\t\t\t\t\t\t\t<ul class=\"thumbs-list_4\">\r\n\t\t\t\t\t\t\t\t\t\t\t\t\t\t\t<\/ul>\r\n\t\t\t\t\t\t<\/div>\r\n\t\t\t\t\t\t\t\t\t<\/div>\r\n\t\t\t\t<div class=\"right-block\">\r\n\t\t\t\t\t<div><h2 class=\"title\">Powermetal.de, 01\/2014, Raphael P\u00e4bst: Incredibile<\/h2><\/div>\r\n\t\t\t\t\t\t\t\t\t\t\t<div class=\"description\"><\/div>\t\t\t\t\t\t\t\t\t\t\t<div class=\"button-block\">\r\n\t\t\t\t\t\t\t<a class=\"\"\r\n\t\t\t\t\t\t\t   href=\"http:\/\/powermetal.de\/review\/review-Galahad__D_\/Incredibile,23661.html\" >View More<\/a>\r\n\t\t\t\t\t\t<\/div>\r\n\t\t\t\t\t\t\t\t\t<\/div>\r\n\t\t\t<\/div>\r\n\t\t<\/div>\r\n\t\t\t\t<div class=\"slider-content\">\r\n\t\t\t<div class=\"slider-content-wrapper slide_number10\">\r\n\t\t\t\t<div class=\"image-block_4\">\r\n\t\t\t\t\t\t\t\t\t\t\t\t\t<a class=\"portfolio-group10 portfolio-group-slider_4_10\"\r\n\t\t\t\t\t\t\t\t   href=\"http:\/\/www.galahad.de\/gala_wp\/wp-content\/uploads\/2014\/12\/gala_inc.jpg\"\r\n\t\t\t\t\t\t\t\t   title=\"Necroweb Magazin, 03\/2014: Incredibile\" data-groupID=\"10\"><img\r\n\t\t\t\t\t\t\t\t\t\talt=\"Necroweb Magazin, 03\/2014: Incredibile\" class=\"main-image\"\r\n\t\t\t\t\t\t\t\t\t\tsrc=\"https:\/\/www.galahad.de\/gala_wp\/wp-content\/uploads\/2014\/12\/gala_inc.jpg\"\/><\/a>\r\n\t\t\t\t\t\t\t\t\r\n\t\t\t\t\t\t\t\t\t\t\t<div>\r\n\t\t\t\t\t\t\t<ul class=\"thumbs-list_4\">\r\n\t\t\t\t\t\t\t\t\t\t\t\t\t\t\t<\/ul>\r\n\t\t\t\t\t\t<\/div>\r\n\t\t\t\t\t\t\t\t\t<\/div>\r\n\t\t\t\t<div class=\"right-block\">\r\n\t\t\t\t\t<div><h2 class=\"title\">Necroweb Magazin, 03\/2014: Incredibile<\/h2><\/div>\r\n\t\t\t\t\t\t\t\t\t\t\t<div class=\"description\"><\/div>\t\t\t\t\t\t\t\t\t\t\t<div class=\"button-block\">\r\n\t\t\t\t\t\t\t<a class=\"\"\r\n\t\t\t\t\t\t\t   href=\"http:\/\/www.necroweb.de\/galahad-seasons-greetings\/\" >View More<\/a>\r\n\t\t\t\t\t\t<\/div>\r\n\t\t\t\t\t\t\t\t\t<\/div>\r\n\t\t\t<\/div>\r\n\t\t<\/div>\r\n\t\t\t\t<div class=\"slider-content\">\r\n\t\t\t<div class=\"slider-content-wrapper slide_number11\">\r\n\t\t\t\t<div class=\"image-block_4\">\r\n\t\t\t\t\t\t\t\t\t\t\t\t\t<a class=\"portfolio-group11 portfolio-group-slider_4_11\"\r\n\t\t\t\t\t\t\t\t   href=\"http:\/\/www.galahad.de\/gala_wp\/wp-content\/uploads\/2014\/12\/gala_inc1.jpg\"\r\n\t\t\t\t\t\t\t\t   title=\"Celtic-Rock, 12\/2013:  Incredibile\" data-groupID=\"11\"><img\r\n\t\t\t\t\t\t\t\t\t\talt=\"Celtic-Rock, 12\/2013:  Incredibile\" class=\"main-image\"\r\n\t\t\t\t\t\t\t\t\t\tsrc=\"https:\/\/www.galahad.de\/gala_wp\/wp-content\/uploads\/2014\/12\/gala_inc1.jpg\"\/><\/a>\r\n\t\t\t\t\t\t\t\t\r\n\t\t\t\t\t\t\t\t\t\t\t<div>\r\n\t\t\t\t\t\t\t<ul class=\"thumbs-list_4\">\r\n\t\t\t\t\t\t\t\t\t\t\t\t\t\t\t<\/ul>\r\n\t\t\t\t\t\t<\/div>\r\n\t\t\t\t\t\t\t\t\t<\/div>\r\n\t\t\t\t<div class=\"right-block\">\r\n\t\t\t\t\t<div><h2 class=\"title\">Celtic-Rock, 12\/2013:  Incredibile<\/h2><\/div>\r\n\t\t\t\t\t\t\t\t\t\t\t<div class=\"description\"><\/div>\t\t\t\t\t\t\t\t\t\t\t<div class=\"button-block\">\r\n\t\t\t\t\t\t\t<a class=\"\"\r\n\t\t\t\t\t\t\t   href=\"http:\/\/archiv.celtic-rock.de\/2013\/12\/incredibile-galahad-2011\/\" target=\"_blank\">View More<\/a>\r\n\t\t\t\t\t\t<\/div>\r\n\t\t\t\t\t\t\t\t\t<\/div>\r\n\t\t\t<\/div>\r\n\t\t<\/div>\r\n\t\t<\/div>\n<style>\n    \/***For Content Slider view***\/\n#p-main-slider_4 .play-icon.youtube-icon  {\n    background: url('https:\/\/www.galahad.de\/gala_wp\/wp-content\/plugins\/portfolio-gallery\/assets\/images\/admin_images\/play.youtube.png') center center no-repeat;\n    background-size: 30% 30%;\n}\n#p-main-slider_4 .play-icon.vimeo-icon  {\n    background: url('https:\/\/www.galahad.de\/gala_wp\/wp-content\/plugins\/portfolio-gallery\/assets\/images\/admin_images\/play.vimeo.png') center center no-repeat;\n    background-size: 30% 30%;\n}\n#p-main-slider_4 .play-icon {\n    position: absolute;\n    top: 0;\n    left: 0;\n    width: 100%;\n    height: 100%;\n}\n#p-main-slider_4  .add-H-relative {\n    position: relative;\n}\n#p-main-slider_4  .add-H-block {\n    display: block;\n}\n\/***<\/add>***\/\n#p-main-slider_4-wrapper .ls-nav { display: none; }\n#p-main-slider_4 {background:#f9f9f9;}\n\n#p-main-slider_4 div.slider-content {\n    position:relative;\n    width:100%;\n    padding:0 0 0 0;\n    position:relative;\n    background:#f9f9f9;\n}\n\n\n\n[class$=\"-arrow\"] {\n    background-image:url('https:\/\/www.galahad.de\/gala_wp\/wp-content\/plugins\/portfolio-gallery\/assets\/images\/admin_images\/arrow.dark.png') !important;\n}\n\n.ls-select-box {\n    background:url('https:\/\/www.galahad.de\/gala_wp\/wp-content\/plugins\/portfolio-gallery\/assets\/images\/admin_images\/menu.dark.png') right center no-repeat #f9f9f9 !important;\n}\n\n#p-main-slider_4-nav-select {\n    color:#0074a2;\n}\n\n#p-main-slider_4 div.slider-content .slider-content-wrapper {\n    position:relative;\n    width:100%;\n    padding:0;\n    display:block;\n}\n\n#p-main-slider_4 .slider-content-wrapper .image-block_4 {\n    width:275px;\n    display:inline-block;\n    padding:0 10px 0 0;\n    float:left;\n}\n\n#p-main-slider_4 .slider-content-wrapper .image-block_4 a{\n    display: inline-block;\n    width: 100%;\n    height: 100%;\n}\n\n#p-main-slider_4 .slider-content-wrapper .image-block_4 img.main-image {\n    position:relative;\n    width:40%;\n    height:auto;\n    display:block;\n}\n\n#p-main-slider_4 .slider-content-wrapper .image-block_4 ul.thumbs-list_4 {\n    list-style:none;\n    display:table;\n    position:relative;\n    clear:both;\n    width:40%;\n    margin:10px 0 0 0;\n    padding:0;\n    clear:both;\n}\n\n#p-main-slider_4 .slider-content-wrapper .image-block_4 ul.thumbs-list_4 li {\n    display:block;\n    float:left;\n    width:75px;\n    height:75px;\n    margin:0 2% 5px 1%;\n    opacity:0.45;\n}\n\n#p-main-slider_4 .slider-content-wrapper .image-block_4 ul.thumbs-list_4 li.active,#p-main-slider_4 .slider-content-wrapper .image-block_4 ul.thumbs-list_4 li:hover {\n    opacity:1;\n}\n\n#p-main-slider_4 .slider-content-wrapper .image-block_4 ul.thumbs-list_4 li a {\n    border: none;\n    display:block;\n}\n\n#p-main-slider_4 .slider-content-wrapper .image-block_4 ul.thumbs-list_4 li img {\n    margin:0 !important;\n    padding:0 !important;\n    width:75px !important;\n    height:75px !important;\n}\n\n#p-main-slider_4 .slider-content-wrapper .right-block {\n    display:inline-block;\n    width: calc(100% - 285px);\n}\n\n#p-main-slider_4 .slider-content-wrapper .right-block > div {\n    padding-bottom:10px;\n    margin-top:10px;\n    background:url('https:\/\/www.galahad.de\/gala_wp\/wp-content\/plugins\/portfolio-gallery\/assets\/images\/admin_images\/divider.line.png') center bottom repeat-x;\n}\n#p-main-slider_4 .slider-content-wrapper .right-block > div:last-child {background:none;}\n\n\n#p-main-slider_4 .slider-content-wrapper .right-block .title {\n    position:relative;\n    display:block;\n    margin:-10px 0 0 0;\n    font-size:16px !important;\n    line-height:20px !important;\n    color:#0074a2;\n}\n\n#p-main-slider_4 .slider-content-wrapper .right-block .description {\n    clear:both;\n    position:relative;\n    text-align:justify;\n    font-size:14px !important;\n    line-height:18px !important;\n    color:#555555;\n}\n\n#p-main-slider_4 .slider-content-wrapper .right-block .description h1,\n#p-main-slider_4 .slider-content-wrapper .right-block .description h2,\n#p-main-slider_4 .slider-content-wrapper .right-block .description h3,\n#p-main-slider_4 .slider-content-wrapper .right-block .description h4,\n#p-main-slider_4 .slider-content-wrapper .right-block .description h5,\n#p-main-slider_4 .slider-content-wrapper .right-block .description h6,\n#p-main-slider_4 .slider-content-wrapper .right-block .description p,\n#p-main-slider_4 .slider-content-wrapper .right-block .description strong,\n#p-main-slider_4 .slider-content-wrapper .right-block .description span {\n    padding:2px !important;\n    margin:0 !important;\n}\n\n#p-main-slider_4 .slider-content-wrapper .right-block .description ul,\n#p-main-slider_4 .slider-content-wrapper .right-block .description li {\n    padding:2px 0 2px 5px;\n    margin:0 0 0 8px;\n}\n\n\n\n#p-main-slider_4 .slider-content-wrapper .button-block {\n    position:relative;\n}\n\n#p-main-slider_4 .slider-content-wrapper .button-block a,#p-main-slider_4 .slider-content-wrapper .button-block a:link,#p-main-slider_4 .slider-content-wrapper .button-block a:visited{\n    position:relative;\n    display:inline-block;\n    padding:6px 12px;\n    background:#2ea2cd;\n    color:#ffffff;\n    font-size:14px;\n    text-decoration:none;\n    border:none;\n}\n\n#p-main-slider_4 .slider-content-wrapper .button-block a:hover,#p-main-slider_4 .slider-content-wrapper .button-block a:focus,#p-main-slider_4 .slider-content-wrapper .button-block a:active {\n    background:#0074a2;\n    color:#ffffff;\n}\n\n@media only screen and (min-width:500px) {\n    #main-slider-nav-ul {\n        visibility:hidden !important;\n        height:1px;\n    }\n}\n\n@media only screen and (max-width:500px) {\n    #p-main-slider_4 .slider-content-wrapper .image-block_4,#p-main-slider_4 .slider-content-wrapper .right-block {\n        width:100%;\n        display:block;\n        float:none;\n        clear:both;\n    }\n}\n@media only screen and (max-width: 2000px) and (min-width: 500px) {\n    #p-main-slider_4 .slider-content-wrapper .image-block_4,#p-main-slider_4 .slider-content-wrapper .right-block {\n        width:100%;\n        display:block;\n        float:none;\n        clear:both;\n    }\n<\/style>\n<p>&nbsp;<\/p>\n<p>&nbsp;<\/p>\n<p>&nbsp;<\/p>\n<p>&nbsp;<\/p>\n","protected":false},"excerpt":{"rendered":"<p>Liebe GALAHAD-Fans, in letzter Zeit h\u00e4ufen sich Abmahnungen gegen Musiker, die Pressekritiken auf ihre Websites stellen. Deshalb mu\u00dften wir unsere umfangreiche REVIEW-Seite zum Teil reduzieren. Wir bitten alle diese Aktion zu unterst\u00fctzen:\u00a0 &#8222;Aktion-gegen-Presse-Abmahnungen-bei K\u00fcnstlern&#8222;. Auf Wunsch geben wir gerne bei Nachfrage entsprechende Zitatstellen \u00fcber Konzerte und CD-Kritiken weiter&#8230;&#8230; Eure Galahads &nbsp; &nbsp; &nbsp; &nbsp; &nbsp;<\/p>\n","protected":false},"author":1,"featured_media":0,"parent":14,"menu_order":0,"comment_status":"closed","ping_status":"closed","template":"","meta":{"footnotes":""},"class_list":["post-557","page","type-page","status-publish","hentry"],"_links":{"self":[{"href":"https:\/\/www.galahad.de\/gala_wp\/index.php?rest_route=\/wp\/v2\/pages\/557","targetHints":{"allow":["GET"]}}],"collection":[{"href":"https:\/\/www.galahad.de\/gala_wp\/index.php?rest_route=\/wp\/v2\/pages"}],"about":[{"href":"https:\/\/www.galahad.de\/gala_wp\/index.php?rest_route=\/wp\/v2\/types\/page"}],"author":[{"embeddable":true,"href":"https:\/\/www.galahad.de\/gala_wp\/index.php?rest_route=\/wp\/v2\/users\/1"}],"replies":[{"embeddable":true,"href":"https:\/\/www.galahad.de\/gala_wp\/index.php?rest_route=%2Fwp%2Fv2%2Fcomments&post=557"}],"version-history":[{"count":5,"href":"https:\/\/www.galahad.de\/gala_wp\/index.php?rest_route=\/wp\/v2\/pages\/557\/revisions"}],"predecessor-version":[{"id":565,"href":"https:\/\/www.galahad.de\/gala_wp\/index.php?rest_route=\/wp\/v2\/pages\/557\/revisions\/565"}],"up":[{"embeddable":true,"href":"https:\/\/www.galahad.de\/gala_wp\/index.php?rest_route=\/wp\/v2\/pages\/14"}],"wp:attachment":[{"href":"https:\/\/www.galahad.de\/gala_wp\/index.php?rest_route=%2Fwp%2Fv2%2Fmedia&parent=557"}],"curies":[{"name":"wp","href":"https:\/\/api.w.org\/{rel}","templated":true}]}}