{"id":304,"date":"2014-12-18T22:59:38","date_gmt":"2014-12-18T21:59:38","guid":{"rendered":"http:\/\/www.galahad.de\/gala_wp\/?page_id=304"},"modified":"2023-08-07T08:00:31","modified_gmt":"2023-08-07T07:00:31","slug":"history","status":"publish","type":"page","link":"https:\/\/www.galahad.de\/gala_wp\/?page_id=304","title":{"rendered":"History"},"content":{"rendered":"<p>Als Namensgeber unserer Band, haben wir uns nat\u00fcrlich auch etwas mit dem historischen &#8222;Sir Galahad&#8220;, Ritter der Tafelrunde am Hof des sagenumwobenen &#8222;King Arthurs&#8220;, besch\u00e4ftigt. Zahlreiche Gem\u00e4lde (von denen wir hier ein paar ausgew\u00e4hlt haben), Gedichte und Schriften befassen sich mit dem Sohn des Ritters Lancelot, der selbst auch Ritter der Tafelrunde gewesen seien soll.\u00a0 <img loading=\"lazy\" decoding=\"async\" src=\"https:\/\/www.galahad.de\/gala_wp\/wp-content\/uploads\/2014\/12\/galpic3-139x300.jpg\" alt=\"galpic3\" width=\"139\" height=\"300\" align=\"right\" \/>Der Dichtung nach gilt der als besonders edler Ritter mit der St\u00e4rke von 10 Personen, da sein Herz besonders &#8222;rein&#8220; gewesen war.\u00a0In unserem Titel The Lady Of Corvic wird klar, da\u00df Sir Galahad nicht ganz so zuf\u00e4llig, sondern schon ziemlich &#8222;planm\u00e4\u00dfig&#8220; entstanden ist, ein Zeichen daf\u00fcr, da\u00df die &#8222;Maidens&#8220; der damaligen Zeit schon \u00fcber eine Menge Einfallsreichtum verf\u00fcgten &#8230;&#8230;&#8217;TWAS EARLY IN THE MORNING LIGHT&#8230;&#8230;..:<br \/>\n&#8222;K\u00f6nig Artus heiratet Guinevere. Guinevere und Sir Lancelot verlieben sich, aber alles geschieht heimlich. Lancelot ist unterwegs, um Abenteuer zu bestehen. Die <img loading=\"lazy\" decoding=\"async\" src=\"https:\/\/www.galahad.de\/gala_wp\/wp-content\/uploads\/2014\/12\/galpic4.jpg\" alt=\"galpic4\" width=\"181\" height=\"213\" align=\"left\" \/>Jungfrau von Corvic liebt Lancelot ebenfalls. Sie lockt ihn nachts in ihr Schloss unter dem Vorwand, sie sei Guinevere. Lancelot, blind vor Liebe, bemerkt die T\u00e4uschung erst am n\u00e4chsten Morgen. Das Kind dieser Nacht wird der sp\u00e4tere Gralsritter Galahad.&#8220;<br \/>\nSir Galahad gilt als eine wichtige Figur im Zusammenhang mit dem heiligen Gral, dem sagenumwobenen, wundert\u00e4tigen, Gl\u00fcckseligkeit und ewige Jugend spendenen Kelch (manchmal auch Schale oder Stein), und nach dem in allen Epochen immer wieder fieberhaft gesucht wurde.\u00a0Die Universit\u00e4t of Rochester hat zu Sir Galahad und zur gesamten K\u00f6nig Arthurs Sage unter dem Namen <a href=\"http:\/\/d.lib.rochester.edu\/camelot\/theme\/galahad\">The Camelot Project<\/a> einige interessante Webseiten ver\u00f6ffentlicht. F\u00fcr alle Interessierte und des Englischen Kundige lohnt es sich hier mal &#8218;reinzusurfen ! (Bildnachweis:\u00a0 Dante Gabriel Rossetti \/ unknown )<\/p>\n<p>&nbsp;<\/p>\n","protected":false},"excerpt":{"rendered":"<p>Als Namensgeber unserer Band, haben wir uns nat\u00fcrlich auch etwas mit dem historischen &#8222;Sir Galahad&#8220;, Ritter der Tafelrunde am Hof des sagenumwobenen &#8222;King Arthurs&#8220;, besch\u00e4ftigt. Zahlreiche Gem\u00e4lde (von denen wir hier ein paar ausgew\u00e4hlt haben), Gedichte und Schriften befassen sich mit dem Sohn des Ritters Lancelot, der selbst auch Ritter der Tafelrunde gewesen seien soll.\u00a0 &hellip; <a href=\"https:\/\/www.galahad.de\/gala_wp\/?page_id=304\" class=\"more-link\"><span class=\"screen-reader-text\">History<\/span> weiterlesen <span class=\"meta-nav\">&rarr;<\/span><\/a><\/p>\n","protected":false},"author":1,"featured_media":0,"parent":2,"menu_order":0,"comment_status":"closed","ping_status":"closed","template":"","meta":{"footnotes":""},"class_list":["post-304","page","type-page","status-publish","hentry"],"_links":{"self":[{"href":"https:\/\/www.galahad.de\/gala_wp\/index.php?rest_route=\/wp\/v2\/pages\/304","targetHints":{"allow":["GET"]}}],"collection":[{"href":"https:\/\/www.galahad.de\/gala_wp\/index.php?rest_route=\/wp\/v2\/pages"}],"about":[{"href":"https:\/\/www.galahad.de\/gala_wp\/index.php?rest_route=\/wp\/v2\/types\/page"}],"author":[{"embeddable":true,"href":"https:\/\/www.galahad.de\/gala_wp\/index.php?rest_route=\/wp\/v2\/users\/1"}],"replies":[{"embeddable":true,"href":"https:\/\/www.galahad.de\/gala_wp\/index.php?rest_route=%2Fwp%2Fv2%2Fcomments&post=304"}],"version-history":[{"count":19,"href":"https:\/\/www.galahad.de\/gala_wp\/index.php?rest_route=\/wp\/v2\/pages\/304\/revisions"}],"predecessor-version":[{"id":1348,"href":"https:\/\/www.galahad.de\/gala_wp\/index.php?rest_route=\/wp\/v2\/pages\/304\/revisions\/1348"}],"up":[{"embeddable":true,"href":"https:\/\/www.galahad.de\/gala_wp\/index.php?rest_route=\/wp\/v2\/pages\/2"}],"wp:attachment":[{"href":"https:\/\/www.galahad.de\/gala_wp\/index.php?rest_route=%2Fwp%2Fv2%2Fmedia&parent=304"}],"curies":[{"name":"wp","href":"https:\/\/api.w.org\/{rel}","templated":true}]}}