{"id":301,"date":"2014-12-18T22:55:43","date_gmt":"2014-12-18T21:55:43","guid":{"rendered":"http:\/\/www.galahad.de\/gala_wp\/?page_id=301"},"modified":"2025-03-04T18:15:26","modified_gmt":"2025-03-04T17:15:26","slug":"booking","status":"publish","type":"page","link":"https:\/\/www.galahad.de\/gala_wp\/?page_id=301","title":{"rendered":"Booking &#038; Tech"},"content":{"rendered":"<p>GALAHAD bietet sein Programm in zwei verschiedenen FORMEN an:<\/p>\n<p>FORM A, Kurzprogramm: ca. 50 &#8211; 90 Min., z. B. f\u00fcr Matinee, Ausstellung, zur musikalischen Untermalung, ruhige Vortragsst\u00fccke, instrumental und\/oder Gesang, Teilbesetzung m\u00f6glich<br \/>\nFORM B, Vollprogramm: ca. 90 &#8211; 150 Min., kompletter Konzertabend, z. B. f\u00fcr Stadtfeste, Einzelkonzerte, Festivals, individuell gestaltbar mit Kurzgeschichtenvortr\u00e4gen, Zuh\u00f6r- und Tanzst\u00fccke, instrumental und Gesang, von Klassik bis Folk-Rock, nur mit Vollbesetzung<\/p>\n<p>VERG\u00dcTUNG: berechnet sich jeweils nach o.g. Form, dem Anfahrtsweg, der Unterbringung (Kreis Wesel ohne Berechnung) sowie der Art und Gr\u00f6\u00dfe der Beschallung (vorhanden \/ nicht vorhanden). Sonderformen oder Verg\u00fctung je Pauschal nach Absprache.<\/p>\n<p>INFOMATERIAL: dem Veranstalter wird umfangreiches Infomaterial in branchen\u00fcblicher Form und Anzahl von Presseberichten, Photos, Plakaten, Postkarten, CDs zur Bemusterung nach Abschlu\u00df bereitgestellt.<\/p>\n<p>BUCHUNG:<\/p>\n<p>Je nach Einzugsgebiet erfolgt die Buchung \u00fcber Agenturen mit denen GALAHAD zusammenarbeitet oder direkt \u00fcber GALAHAD. Einzelheiten hierzu sind zu erfragen unter unserer <a title=\"Contact\" href=\"http:\/\/www.galahad.de\/gala_wp\/?page_id=20\">Kontaktadressen<\/a>.<\/p>\n<p><span style=\"text-decoration: underline;\">Technic-Rider:<\/span><\/p>\n<a href=\"https:\/\/www.galahad.de\/gala_wp\/wp-content\/uploads\/2025\/03\/Buehnenanweisung-Galahad.pdf\" class=\"su-button su-button-style-default\" style=\"color:#ffffff;background-color:#272f37;border-color:#20262c;border-radius:5px\" target=\"_self\"><span style=\"color:#ffffff;padding:0px 16px;font-size:13px;line-height:26px;border-color:#686e73;border-radius:5px;text-shadow:none\"> Download Tech-Rider<\/span><\/a>\n","protected":false},"excerpt":{"rendered":"<p>GALAHAD bietet sein Programm in zwei verschiedenen FORMEN an: FORM A, Kurzprogramm: ca. 50 &#8211; 90 Min., z. B. f\u00fcr Matinee, Ausstellung, zur musikalischen Untermalung, ruhige Vortragsst\u00fccke, instrumental und\/oder Gesang, Teilbesetzung m\u00f6glich FORM B, Vollprogramm: ca. 90 &#8211; 150 Min., kompletter Konzertabend, z. B. f\u00fcr Stadtfeste, Einzelkonzerte, Festivals, individuell gestaltbar mit Kurzgeschichtenvortr\u00e4gen, Zuh\u00f6r- und Tanzst\u00fccke, &hellip; <a href=\"https:\/\/www.galahad.de\/gala_wp\/?page_id=301\" class=\"more-link\"><span class=\"screen-reader-text\">Booking &#038; Tech<\/span> weiterlesen <span class=\"meta-nav\">&rarr;<\/span><\/a><\/p>\n","protected":false},"author":1,"featured_media":0,"parent":16,"menu_order":0,"comment_status":"closed","ping_status":"closed","template":"","meta":{"footnotes":""},"class_list":["post-301","page","type-page","status-publish","hentry"],"_links":{"self":[{"href":"https:\/\/www.galahad.de\/gala_wp\/index.php?rest_route=\/wp\/v2\/pages\/301","targetHints":{"allow":["GET"]}}],"collection":[{"href":"https:\/\/www.galahad.de\/gala_wp\/index.php?rest_route=\/wp\/v2\/pages"}],"about":[{"href":"https:\/\/www.galahad.de\/gala_wp\/index.php?rest_route=\/wp\/v2\/types\/page"}],"author":[{"embeddable":true,"href":"https:\/\/www.galahad.de\/gala_wp\/index.php?rest_route=\/wp\/v2\/users\/1"}],"replies":[{"embeddable":true,"href":"https:\/\/www.galahad.de\/gala_wp\/index.php?rest_route=%2Fwp%2Fv2%2Fcomments&post=301"}],"version-history":[{"count":20,"href":"https:\/\/www.galahad.de\/gala_wp\/index.php?rest_route=\/wp\/v2\/pages\/301\/revisions"}],"predecessor-version":[{"id":1434,"href":"https:\/\/www.galahad.de\/gala_wp\/index.php?rest_route=\/wp\/v2\/pages\/301\/revisions\/1434"}],"up":[{"embeddable":true,"href":"https:\/\/www.galahad.de\/gala_wp\/index.php?rest_route=\/wp\/v2\/pages\/16"}],"wp:attachment":[{"href":"https:\/\/www.galahad.de\/gala_wp\/index.php?rest_route=%2Fwp%2Fv2%2Fmedia&parent=301"}],"curies":[{"name":"wp","href":"https:\/\/api.w.org\/{rel}","templated":true}]}}