{"id":2,"date":"2014-12-16T16:56:38","date_gmt":"2014-12-16T15:56:38","guid":{"rendered":"http:\/\/www.galahad.de\/gala_wp\/?page_id=2"},"modified":"2025-06-04T23:13:43","modified_gmt":"2025-06-04T22:13:43","slug":"sample-page","status":"publish","type":"page","link":"https:\/\/www.galahad.de\/gala_wp\/","title":{"rendered":"Band"},"content":{"rendered":"<p>Es gibt wenig Vergleichbares und schon gar keine Schublade, in die man die Musik von GALAHAD stecken k\u00f6nnte. Elemente des Rock, der Musik des Mittelalters und der Klassik verschmelzen mit einem Schu\u00df irisch-keltischer Mystik zu einem eigenwilligen, individuellen Stil. Eine abwechslungsreiche Instrumentierung unterstreicht dabei diese musikalische Vielschichtigkeit.<\/p>\n<p><img loading=\"lazy\" decoding=\"async\" class=\"wp-image-901 size-medium alignleft\" src=\"https:\/\/www.galahad.de\/gala_wp\/wp-content\/uploads\/2018\/08\/Gala_FB_Altburg1-300x200.jpg\" alt=\"\" width=\"300\" height=\"200\" srcset=\"https:\/\/www.galahad.de\/gala_wp\/wp-content\/uploads\/2018\/08\/Gala_FB_Altburg1-300x200.jpg 300w, https:\/\/www.galahad.de\/gala_wp\/wp-content\/uploads\/2018\/08\/Gala_FB_Altburg1-768x512.jpg 768w, https:\/\/www.galahad.de\/gala_wp\/wp-content\/uploads\/2018\/08\/Gala_FB_Altburg1-150x100.jpg 150w, https:\/\/www.galahad.de\/gala_wp\/wp-content\/uploads\/2018\/08\/Gala_FB_Altburg1-200x133.jpg 200w, https:\/\/www.galahad.de\/gala_wp\/wp-content\/uploads\/2018\/08\/Gala_FB_Altburg1-250x166.jpg 250w, https:\/\/www.galahad.de\/gala_wp\/wp-content\/uploads\/2018\/08\/Gala_FB_Altburg1.jpg 960w\" sizes=\"auto, (max-width: 300px) 100vw, 300px\" \/>Unz\u00e4hlige Live-Events in Deutschland (ua. &#8222;Newcomer des Jahres&#8220; beim WDR-Folkpreis, West 3 Fernsehen) und dem benachbarten Ausland f\u00fchrten GALAHAD auf Folk-Rock-Festivals (u.a. Euro-Folk-Festival Ingelheim, Little Woodstock, Festival auf der Altburg, Burgfolk M\u00fclheim), diverse Stadt- und Burgfeste, Open-Air- und Hallenkonzerte (u.a. mit JETHRO TULL, Schandmaul, Corvus Corax,\u00a0 Saltatio Mortis, Omnia, Faun, Fiddler&#8217;s Green, Paddy goes to Hollyhead, Magna Carta) sowie auf Matineen und Vernissagen, begleitet von zahlreichen Rundfunkportraits und -interviews.<\/p>\n<p>Angefangen als Akustikquartett entwickelte sich im Laufe der Zeit der unverwechselbare GALAHAD-Sound. Dies formte ein abwechslungsreiches Repertoire von &#8222;konzertant&#8220; bis &#8222;\u00e4u\u00dferst tanzbar&#8220; mit vereinzelten Anleihen aus Renaissance, Barock, Klassik, Folk und Rock.<\/p>\n<p>&nbsp;<\/p>\n<p><a href=\"https:\/\/www.galahad.de\/gala_wp\/wp-content\/uploads\/2014\/12\/PICT7639.jpg\"><img loading=\"lazy\" decoding=\"async\" class=\"alignleft wp-image-256 size-medium\" src=\"https:\/\/www.galahad.de\/gala_wp\/wp-content\/uploads\/2014\/12\/PICT7639-300x225.jpg\" alt=\"\" width=\"300\" height=\"225\" srcset=\"https:\/\/www.galahad.de\/gala_wp\/wp-content\/uploads\/2014\/12\/PICT7639-300x225.jpg 300w, https:\/\/www.galahad.de\/gala_wp\/wp-content\/uploads\/2014\/12\/PICT7639.jpg 600w\" sizes=\"auto, (max-width: 300px) 100vw, 300px\" \/><\/a>In den Texten werden h\u00e4ufig alte Problematiken aufgearbeitet und in die Gegenwart projiziert, so z.B. in dem St\u00fcck &#8222;The Return of the Piper&#8220;, das von der (fiktiven) R\u00fcckkehr des Rattenf\u00e4ngers von Hameln handelt.<\/p>\n<p>Kritiker bezeichneten die Musik Galahads einmal als \u201eSoundtrack zu einem Live-Rollenspiel\u201c. Und in der Tat f\u00fchlt man sich zur\u00fcckversetzt in eine Zeit, die l\u00e4ngst vergangen ist; dabei verliert die Mischung aus Mittelalter, Rock und keltischer Mystik aber dennoch nicht den Bezug zur Gegenwart.<\/p>\n<p>Dieses Medieval-Rock-Crossover brachte Galahad u.a. die Auszeichnung &#8222;Beste Folkrockband&#8220; beim Deutschen Rock- und Pop-Preis im Jahr 2007 und 2014, sowie Vertr\u00e4ge \u00fcber zahlreiche Compilation-CDs u.a. mit Sony Music und BMG ein, deren Sampler \u201eCeltic Circle 2\u201c wochenlang in den Spitzen der Charts in D\u00e4nemark, Schweden und Neuseeland zu finden war und mit 2 goldenen Schallplatten ausgezeichnet wurde. Galahad wurde hierdurch mit z.B. Nightwish, Clannad, Gary Moore, Mike Oldfield, und Loreena McKennitt zu einem der \u201ebest-known artists of the genre\u201c. Und als die Rocklegende Jethro Tull um den Superfl\u00f6tisten Ian Anderson in Galahad einen artverwandten Support-Act fand, kannte die Begeisterung der Fans kaum Grenzen (siehe Ausschnitt aus dem Buch: <a href=\"https:\/\/www.galahad.de\/gala_wp\/wp-content\/uploads\/2019\/11\/Auschnitt_Tullbuch.jpg\" target=\"_blank\" rel=\"noopener noreferrer\">Jethro Tull Over Germany<\/a>)<\/p>\n<p><a href=\"https:\/\/www.galahad.de\/gala_wp\/wp-content\/uploads\/2014\/12\/galatul1.jpg\"><img loading=\"lazy\" decoding=\"async\" class=\"alignleft wp-image-636 size-medium\" src=\"https:\/\/www.galahad.de\/gala_wp\/wp-content\/uploads\/2014\/12\/galatul1-300x199.jpg\" alt=\"Band Gruppenfoto zusammen mit Jethro Tull als Support auf der Deutschland-Tour\" width=\"300\" height=\"199\" align=\"left\" srcset=\"https:\/\/www.galahad.de\/gala_wp\/wp-content\/uploads\/2014\/12\/galatul1-300x199.jpg 300w, https:\/\/www.galahad.de\/gala_wp\/wp-content\/uploads\/2014\/12\/galatul1-150x100.jpg 150w, https:\/\/www.galahad.de\/gala_wp\/wp-content\/uploads\/2014\/12\/galatul1-200x133.jpg 200w, https:\/\/www.galahad.de\/gala_wp\/wp-content\/uploads\/2014\/12\/galatul1-250x166.jpg 250w, https:\/\/www.galahad.de\/gala_wp\/wp-content\/uploads\/2014\/12\/galatul1.jpg 579w\" sizes=\"auto, (max-width: 300px) 100vw, 300px\" \/><\/a>Mal kraftvoll, mal sanft, aber immer ausdrucksstark begeistert Galahads Sound immer wieder aufs Neue. Das Musikmagazin \u201eAstan\u201c bringt es auf den Punkt: \u201eGalahad stehen mit ihrer Form der mittelalterlich-folkig und vom Hardrock beeinflussten Musik in dieser Einmaligkeit ziemlich einsam da in Deutschland.\u201c<\/p>\n<p>(Verirrt? Hier geht es zur namensgleichen Band aus U.K. : \u00a0 <a href=\"https:\/\/www.galahadonline.com\/\" target=\"_blank\" rel=\"noopener\">www.galahadonline.com\/<\/a>)<\/p>\n","protected":false},"excerpt":{"rendered":"<p>Es gibt wenig Vergleichbares und schon gar keine Schublade, in die man die Musik von GALAHAD stecken k\u00f6nnte. Elemente des Rock, der Musik des Mittelalters und der Klassik verschmelzen mit einem Schu\u00df irisch-keltischer Mystik zu einem eigenwilligen, individuellen Stil. Eine abwechslungsreiche Instrumentierung unterstreicht dabei diese musikalische Vielschichtigkeit. Unz\u00e4hlige Live-Events in Deutschland (ua. &#8222;Newcomer des Jahres&#8220; &hellip; <a href=\"https:\/\/www.galahad.de\/gala_wp\/\" class=\"more-link\"><span class=\"screen-reader-text\">Band<\/span> weiterlesen <span class=\"meta-nav\">&rarr;<\/span><\/a><\/p>\n","protected":false},"author":1,"featured_media":0,"parent":0,"menu_order":0,"comment_status":"closed","ping_status":"closed","template":"","meta":{"footnotes":""},"class_list":["post-2","page","type-page","status-publish","hentry"],"_links":{"self":[{"href":"https:\/\/www.galahad.de\/gala_wp\/index.php?rest_route=\/wp\/v2\/pages\/2","targetHints":{"allow":["GET"]}}],"collection":[{"href":"https:\/\/www.galahad.de\/gala_wp\/index.php?rest_route=\/wp\/v2\/pages"}],"about":[{"href":"https:\/\/www.galahad.de\/gala_wp\/index.php?rest_route=\/wp\/v2\/types\/page"}],"author":[{"embeddable":true,"href":"https:\/\/www.galahad.de\/gala_wp\/index.php?rest_route=\/wp\/v2\/users\/1"}],"replies":[{"embeddable":true,"href":"https:\/\/www.galahad.de\/gala_wp\/index.php?rest_route=%2Fwp%2Fv2%2Fcomments&post=2"}],"version-history":[{"count":35,"href":"https:\/\/www.galahad.de\/gala_wp\/index.php?rest_route=\/wp\/v2\/pages\/2\/revisions"}],"predecessor-version":[{"id":1451,"href":"https:\/\/www.galahad.de\/gala_wp\/index.php?rest_route=\/wp\/v2\/pages\/2\/revisions\/1451"}],"wp:attachment":[{"href":"https:\/\/www.galahad.de\/gala_wp\/index.php?rest_route=%2Fwp%2Fv2%2Fmedia&parent=2"}],"curies":[{"name":"wp","href":"https:\/\/api.w.org\/{rel}","templated":true}]}}